{"id":1833,"date":"2022-10-10T13:52:23","date_gmt":"2022-10-10T13:52:23","guid":{"rendered":"https:\/\/www.familydoc.at\/index.php\/meningoencefalitis-del-virus-fsme\/"},"modified":"2023-01-05T10:42:04","modified_gmt":"2023-01-05T10:42:04","slug":"meningoencefalitis-del-virus-fsme","status":"publish","type":"page","link":"https:\/\/www.familydoc.at\/index.php\/meningoencefalitis-del-virus-fsme\/?lang=es","title":{"rendered":"Meningoencefalitis del virus FSME"},"content":{"rendered":"\t\t<div data-elementor-type=\"wp-page\" data-elementor-id=\"1833\" class=\"elementor elementor-1833 elementor-747\" data-elementor-post-type=\"page\">\n\t\t\t\t\t\t<section class=\"elementor-section elementor-top-section elementor-element elementor-element-9a640de elementor-section-boxed elementor-section-height-default elementor-section-height-default\" data-id=\"9a640de\" data-element_type=\"section\" data-e-type=\"section\">\n\t\t\t\t\t\t<div class=\"elementor-container elementor-column-gap-default\">\n\t\t\t\t\t<div class=\"elementor-column elementor-col-100 elementor-top-column elementor-element elementor-element-031bf45\" data-id=\"031bf45\" data-element_type=\"column\" data-e-type=\"column\">\n\t\t\t<div class=\"elementor-widget-wrap elementor-element-populated\">\n\t\t\t\t\t\t<div class=\"elementor-element elementor-element-e7dfec6 elementor-widget__width-initial elementor-fixed elementor-view-default elementor-widget elementor-widget-global elementor-global-637 elementor-widget-icon\" data-id=\"e7dfec6\" data-element_type=\"widget\" data-e-type=\"widget\" data-settings=\"{&quot;_position&quot;:&quot;fixed&quot;}\" data-widget_type=\"icon.default\">\n\t\t\t\t<div class=\"elementor-widget-container\">\n\t\t\t\t\t\t\t<div class=\"elementor-icon-wrapper\">\n\t\t\t<a class=\"elementor-icon elementor-animation-grow\" href=\"#top\">\n\t\t\t<i aria-hidden=\"true\" class=\"fas fa-arrow-circle-up\"><\/i>\t\t\t<\/a>\n\t\t<\/div>\n\t\t\t\t\t\t<\/div>\n\t\t\t\t<\/div>\n\t\t\t\t<div class=\"elementor-element elementor-element-42a2bbb elementor-widget elementor-widget-heading\" data-id=\"42a2bbb\" data-element_type=\"widget\" data-e-type=\"widget\" data-widget_type=\"heading.default\">\n\t\t\t\t<div class=\"elementor-widget-container\">\n\t\t\t\t\t<h1 class=\"elementor-heading-title elementor-size-default\">Meningoencefalitis del virus FSME<\/h1>\t\t\t\t<\/div>\n\t\t\t\t<\/div>\n\t\t\t\t<div class=\"elementor-element elementor-element-9f717fb elementor-widget-divider--view-line elementor-widget elementor-widget-divider\" data-id=\"9f717fb\" data-element_type=\"widget\" data-e-type=\"widget\" data-widget_type=\"divider.default\">\n\t\t\t\t<div class=\"elementor-widget-container\">\n\t\t\t\t\t\t\t<div class=\"elementor-divider\">\n\t\t\t<span class=\"elementor-divider-separator\">\n\t\t\t\t\t\t<\/span>\n\t\t<\/div>\n\t\t\t\t\t\t<\/div>\n\t\t\t\t<\/div>\n\t\t\t\t<div class=\"elementor-element elementor-element-d6b4ea1 elementor-widget elementor-widget-text-editor\" data-id=\"d6b4ea1\" data-element_type=\"widget\" data-e-type=\"widget\" data-widget_type=\"text-editor.default\">\n\t\t\t\t<div class=\"elementor-widget-container\">\n\t\t\t\t\t\t\t\t\t<p class=\"p1\">La Meningoencefalitis es causada por un virus. La Meningoencefalitis se transmite por la picadura de una garrapata &#8220;Zecken&#8221; (Ixodes ricinus) infectada. Casos de FSME ocurren en todo centro y norte de Europa. En la zona de Viena y alrededores, Wienerwald o bosques de Viena tambien se producen casos generalmente entre abril y octubre.<\/p>\n\t\t\t\t\t\t\t\t<\/div>\n\t\t\t\t<\/div>\n\t\t\t\t\t<\/div>\n\t\t<\/div>\n\t\t\t\t\t<\/div>\n\t\t<\/section>\n\t\t\t\t<section class=\"elementor-section elementor-top-section elementor-element elementor-element-2b8d641 elementor-section-boxed elementor-section-height-default elementor-section-height-default\" data-id=\"2b8d641\" data-element_type=\"section\" data-e-type=\"section\">\n\t\t\t\t\t\t<div class=\"elementor-container elementor-column-gap-default\">\n\t\t\t\t\t<div class=\"elementor-column elementor-col-100 elementor-top-column elementor-element elementor-element-d8dfa23\" data-id=\"d8dfa23\" data-element_type=\"column\" data-e-type=\"column\">\n\t\t\t<div class=\"elementor-widget-wrap elementor-element-populated\">\n\t\t\t\t\t\t<div class=\"elementor-element elementor-element-dadb4e0 elementor-widget elementor-widget-text-editor\" data-id=\"dadb4e0\" data-element_type=\"widget\" data-e-type=\"widget\" data-widget_type=\"text-editor.default\">\n\t\t\t\t<div class=\"elementor-widget-container\">\n\t\t\t\t\t\t\t\t\t<p><strong>S\u00edntomas.<\/strong> \u00bfQu\u00e9 se siente?<\/p>\n\t\t\t\t\t\t\t\t<\/div>\n\t\t\t\t<\/div>\n\t\t\t\t<div class=\"elementor-element elementor-element-8ba54a0 elementor-widget elementor-widget-text-editor\" data-id=\"8ba54a0\" data-element_type=\"widget\" data-e-type=\"widget\" data-widget_type=\"text-editor.default\">\n\t\t\t\t<div class=\"elementor-widget-container\">\n\t\t\t\t\t\t\t\t\t<p>En muchos casos no produce s\u00edntomas, especialmente, en los ni\u00f1os.<\/p>\n<p>Cuando se producen s\u00edntomas:<\/p>\n<ul>\n<li style=\"list-style-type: none;\">\n<ul>\n<li style=\"list-style-type: none;\">\n<ul>\n<li>Entre 1 y 3 semanas despu\u00e9s de la picadura se produce un cuadro parecido a la gripe, con una primera subida de fiebre y dolor de cabeza que dura de 2 a 4 d\u00edas.<\/li>\n<li>En 5-10% de los casos se produce una agravaci\u00f3n posterior con afectaci\u00f3n del cerebro y de las membranas que rodean el cerebro, que puede conducir a secuelas neurol\u00f3gicas o un fatal desenlace.<\/li>\n<\/ul>\n<\/li>\n<\/ul>\n<\/li>\n<\/ul>\n\t\t\t\t\t\t\t\t<\/div>\n\t\t\t\t<\/div>\n\t\t\t\t\t<\/div>\n\t\t<\/div>\n\t\t\t\t\t<\/div>\n\t\t<\/section>\n\t\t\t\t<section class=\"elementor-section elementor-top-section elementor-element elementor-element-bb8c97d elementor-section-boxed elementor-section-height-default elementor-section-height-default\" data-id=\"bb8c97d\" data-element_type=\"section\" data-e-type=\"section\">\n\t\t\t\t\t\t<div class=\"elementor-container elementor-column-gap-default\">\n\t\t\t\t\t<div class=\"elementor-column elementor-col-100 elementor-top-column elementor-element elementor-element-bf680b3\" data-id=\"bf680b3\" data-element_type=\"column\" data-e-type=\"column\">\n\t\t\t<div class=\"elementor-widget-wrap elementor-element-populated\">\n\t\t\t\t\t\t<div class=\"elementor-element elementor-element-196f943 elementor-widget elementor-widget-text-editor\" data-id=\"196f943\" data-element_type=\"widget\" data-e-type=\"widget\" data-widget_type=\"text-editor.default\">\n\t\t\t\t<div class=\"elementor-widget-container\">\n\t\t\t\t\t\t\t\t\t<p><b>Tratamiento. <\/b>\u00bfQu\u00e9 se puede hacer?<\/p>\n\t\t\t\t\t\t\t\t<\/div>\n\t\t\t\t<\/div>\n\t\t\t\t<div class=\"elementor-element elementor-element-4e3337d elementor-widget elementor-widget-text-editor\" data-id=\"4e3337d\" data-element_type=\"widget\" data-e-type=\"widget\" data-widget_type=\"text-editor.default\">\n\t\t\t\t<div class=\"elementor-widget-container\">\n\t\t\t\t\t\t\t\t\t<p class=\"p1\">No hay un tratamiento espec\u00edfico para esta enfermedad. <\/p>\n\t\t\t\t\t\t\t\t<\/div>\n\t\t\t\t<\/div>\n\t\t\t\t\t<\/div>\n\t\t<\/div>\n\t\t\t\t\t<\/div>\n\t\t<\/section>\n\t\t\t\t<section class=\"elementor-section elementor-top-section elementor-element elementor-element-6b5e04c elementor-section-boxed elementor-section-height-default elementor-section-height-default\" data-id=\"6b5e04c\" data-element_type=\"section\" data-e-type=\"section\">\n\t\t\t\t\t\t<div class=\"elementor-container elementor-column-gap-default\">\n\t\t\t\t\t<div class=\"elementor-column elementor-col-100 elementor-top-column elementor-element elementor-element-d7d0fc0\" data-id=\"d7d0fc0\" data-element_type=\"column\" data-e-type=\"column\">\n\t\t\t<div class=\"elementor-widget-wrap elementor-element-populated\">\n\t\t\t\t\t\t<div class=\"elementor-element elementor-element-67617fb elementor-widget elementor-widget-text-editor\" data-id=\"67617fb\" data-element_type=\"widget\" data-e-type=\"widget\" data-widget_type=\"text-editor.default\">\n\t\t\t\t<div class=\"elementor-widget-container\">\n\t\t\t\t\t\t\t\t\t<p><b>Prevenci\u00f2n. <\/b>\u00bfC\u00f3mo puede protegerse?<\/p>\n\t\t\t\t\t\t\t\t<\/div>\n\t\t\t\t<\/div>\n\t\t\t\t<div class=\"elementor-element elementor-element-7278c90 elementor-widget elementor-widget-text-editor\" data-id=\"7278c90\" data-element_type=\"widget\" data-e-type=\"widget\" data-widget_type=\"text-editor.default\">\n\t\t\t\t<div class=\"elementor-widget-container\">\n\t\t\t\t\t\t\t\t\t<p class=\"p1\">Las medidas generales incluyen la reducci\u00f3n de las picaduras de garrapatas. Use pantalones largos y camisas de manga larga y use repelentes DEET.<\/p>\n<p class=\"p1\">Si le ha picado una garrapata, intente sacarla lentamente con unas pinzas. Si no ha sido vacunado o lo ha sido parcialmente, consulte a un m\u00e9dico.<\/p>\n\t\t\t\t\t\t\t\t<\/div>\n\t\t\t\t<\/div>\n\t\t\t\t\t<\/div>\n\t\t<\/div>\n\t\t\t\t\t<\/div>\n\t\t<\/section>\n\t\t\t\t<section class=\"elementor-section elementor-top-section elementor-element elementor-element-d366a26 elementor-section-boxed elementor-section-height-default elementor-section-height-default\" data-id=\"d366a26\" data-element_type=\"section\" data-e-type=\"section\">\n\t\t\t\t\t\t<div class=\"elementor-container elementor-column-gap-default\">\n\t\t\t\t\t<div class=\"elementor-column elementor-col-100 elementor-top-column elementor-element elementor-element-dd4adef\" data-id=\"dd4adef\" data-element_type=\"column\" data-e-type=\"column\">\n\t\t\t<div class=\"elementor-widget-wrap elementor-element-populated\">\n\t\t\t\t\t\t<div class=\"elementor-element elementor-element-d37e3fb elementor-widget elementor-widget-text-editor\" data-id=\"d37e3fb\" data-element_type=\"widget\" data-e-type=\"widget\" data-widget_type=\"text-editor.default\">\n\t\t\t\t<div class=\"elementor-widget-container\">\n\t\t\t\t\t\t\t\t\t<p><strong>Vacuna de FSME. <\/strong>La forma m\u00e1s f\u00e1cil de protegerse.<\/p>\n\t\t\t\t\t\t\t\t<\/div>\n\t\t\t\t<\/div>\n\t\t\t\t<div class=\"elementor-element elementor-element-2b4f824 elementor-widget elementor-widget-text-editor\" data-id=\"2b4f824\" data-element_type=\"widget\" data-e-type=\"widget\" data-widget_type=\"text-editor.default\">\n\t\t\t\t<div class=\"elementor-widget-container\">\n\t\t\t\t\t\t\t\t\t<p>Existe una vacuna eficaz y segura contra la TBE, muy bien aceptada en Austria. La vacunaci\u00f3n b\u00e1sica consiste en 3 <span style=\"background-color: var(--nv-site-bg);\">inyecciones intramusculares en el hombro: la primera y la segunda se administran con 14 d\u00edas a 3 meses de diferencia, la tercera 6-12 meses despu\u00e9s de la primera. Se recomiendan refuerzos cada 3-5 a\u00f1os dependiendo de la edad del paciente. Los ni\u00f1os pueden ser vacunados desde la edad de un a\u00f1o.<\/span><\/p>\n<p>Pueden producirse reacciones locales como enrojecimiento de la piel e inflamaci\u00f3n de los ganglios linf\u00e1ticos. Ocasionalmente ocurren reacciones como fiebre, n\u00e1useas y fatiga dentro de las primeras 24 horas despu\u00e9s de haber sido vacunado. Los problemas o reacciones de larga duraci\u00f3n son extremadamente raros.<\/p>\n\t\t\t\t\t\t\t\t<\/div>\n\t\t\t\t<\/div>\n\t\t\t\t\t<\/div>\n\t\t<\/div>\n\t\t\t\t\t<\/div>\n\t\t<\/section>\n\t\t\t\t<section class=\"elementor-section elementor-top-section elementor-element elementor-element-6e65266 elementor-section-boxed elementor-section-height-default elementor-section-height-default\" data-id=\"6e65266\" data-element_type=\"section\" data-e-type=\"section\">\n\t\t\t\t\t\t<div class=\"elementor-container elementor-column-gap-default\">\n\t\t\t\t\t<div class=\"elementor-column elementor-col-100 elementor-top-column elementor-element elementor-element-8c3f612\" data-id=\"8c3f612\" data-element_type=\"column\" data-e-type=\"column\">\n\t\t\t<div class=\"elementor-widget-wrap elementor-element-populated\">\n\t\t\t\t\t\t<div class=\"elementor-element elementor-element-3240cba elementor-widget elementor-widget-text-editor\" data-id=\"3240cba\" data-element_type=\"widget\" data-e-type=\"widget\" data-widget_type=\"text-editor.default\">\n\t\t\t\t<div class=\"elementor-widget-container\">\n\t\t\t\t\t\t\t\t\t<p><b>Enfermedad de Lyme. <\/b>Borreliosis. <\/p>\n\t\t\t\t\t\t\t\t<\/div>\n\t\t\t\t<\/div>\n\t\t\t\t<div class=\"elementor-element elementor-element-695edda elementor-widget elementor-widget-text-editor\" data-id=\"695edda\" data-element_type=\"widget\" data-e-type=\"widget\" data-widget_type=\"text-editor.default\">\n\t\t\t\t<div class=\"elementor-widget-container\">\n\t\t\t\t\t\t\t\t\t<p class=\"p1\">La enfermedad de Lyme\/borreliosis es causada por una bacteria, Borrelia Burgdorferi, que es transmitida por garrapatas, pero tambi\u00e9n puede ser transmitida por otros insectos. Los casos ocurren en Europa Central, as\u00ed como en Am\u00e9rica del Norte. La enfermedad generalmente comienza con una erupci\u00f3n caracter\u00edstica alrededor de la picadura, Erythema Chronicum Migrans. La enfermedad de Lyme debe tratarse con antibi\u00f3ticos para evitar m\u00e1s manifestaciones y la progresi\u00f3n de la enfermedad.<\/p>\n<p class=\"p1\"><strong>\u00a1Por favor, observe su piel despu\u00e9s de las picaduras de insectos y garrapatas!<\/strong><\/p>\t\t\t\t\t\t\t\t<\/div>\n\t\t\t\t<\/div>\n\t\t\t\t\t<\/div>\n\t\t<\/div>\n\t\t\t\t\t<\/div>\n\t\t<\/section>\n\t\t\t\t<\/div>\n\t\t","protected":false},"excerpt":{"rendered":"<p>Meningoencefalitis del virus FSME La Meningoencefalitis es causada por un virus. La Meningoencefalitis se transmite por la picadura de una garrapata &#8220;Zecken&#8221; (Ixodes ricinus) infectada. Casos de FSME ocurren en todo centro y norte de Europa. En la zona de Viena y alrededores, Wienerwald o bosques de Viena tambien se producen casos generalmente entre abril&hellip;&nbsp;<a href=\"https:\/\/www.familydoc.at\/index.php\/meningoencefalitis-del-virus-fsme\/?lang=es\" rel=\"bookmark\">Read More &raquo;<span class=\"screen-reader-text\">Meningoencefalitis del virus FSME<\/span><\/a><\/p>\n","protected":false},"author":2,"featured_media":0,"parent":0,"menu_order":0,"comment_status":"closed","ping_status":"closed","template":"","meta":{"neve_meta_sidebar":"","neve_meta_container":"","neve_meta_enable_content_width":"on","neve_meta_content_width":100,"neve_meta_title_alignment":"","neve_meta_author_avatar":"","neve_post_elements_order":"","neve_meta_disable_header":"","neve_meta_disable_footer":"","neve_meta_disable_title":"on","footnotes":""},"class_list":["post-1833","page","type-page","status-publish","hentry"],"yoast_head":"<!-- This site is optimized with the Yoast SEO plugin v27.1.1 - https:\/\/yoast.com\/product\/yoast-seo-wordpress\/ -->\n<title>Meningoencefalitis del virus FSME - Familydoc<\/title>\n<meta name=\"robots\" content=\"index, follow, max-snippet:-1, max-image-preview:large, max-video-preview:-1\" \/>\n<link rel=\"canonical\" href=\"https:\/\/www.familydoc.at\/index.php\/meningoencefalitis-del-virus-fsme\/\" \/>\n<meta property=\"og:locale\" content=\"en_US\" \/>\n<meta property=\"og:type\" content=\"article\" \/>\n<meta property=\"og:title\" content=\"Meningoencefalitis del virus FSME - Familydoc\" \/>\n<meta property=\"og:description\" content=\"Meningoencefalitis del virus FSME La Meningoencefalitis es causada por un virus. La Meningoencefalitis se transmite por la picadura de una garrapata &#8220;Zecken&#8221; (Ixodes ricinus) infectada. Casos de FSME ocurren en todo centro y norte de Europa. En la zona de Viena y alrededores, Wienerwald o bosques de Viena tambien se producen casos generalmente entre abril&hellip;&nbsp;Read More &raquo;Meningoencefalitis del virus FSME\" \/>\n<meta property=\"og:url\" content=\"https:\/\/www.familydoc.at\/index.php\/meningoencefalitis-del-virus-fsme\/?lang=es\" \/>\n<meta property=\"og:site_name\" content=\"Familydoc\" \/>\n<meta property=\"article:modified_time\" content=\"2023-01-05T10:42:04+00:00\" \/>\n<meta name=\"twitter:card\" content=\"summary_large_image\" \/>\n<meta name=\"twitter:label1\" content=\"Est. reading time\" \/>\n\t<meta name=\"twitter:data1\" content=\"2 minutes\" \/>\n<script type=\"application\/ld+json\" class=\"yoast-schema-graph\">{\"@context\":\"https:\/\/schema.org\",\"@graph\":[{\"@type\":\"WebPage\",\"@id\":\"https:\/\/www.familydoc.at\/index.php\/meningoencefalitis-del-virus-fsme\/?lang=es\",\"url\":\"https:\/\/www.familydoc.at\/index.php\/meningoencefalitis-del-virus-fsme\/?lang=es\",\"name\":\"Meningoencefalitis del virus FSME - Familydoc\",\"isPartOf\":{\"@id\":\"https:\/\/www.familydoc.at\/#website\"},\"datePublished\":\"2022-10-10T13:52:23+00:00\",\"dateModified\":\"2023-01-05T10:42:04+00:00\",\"breadcrumb\":{\"@id\":\"https:\/\/www.familydoc.at\/index.php\/meningoencefalitis-del-virus-fsme\/?lang=es#breadcrumb\"},\"inLanguage\":\"en-US\",\"potentialAction\":[{\"@type\":\"ReadAction\",\"target\":[\"https:\/\/www.familydoc.at\/index.php\/meningoencefalitis-del-virus-fsme\/?lang=es\"]}]},{\"@type\":\"BreadcrumbList\",\"@id\":\"https:\/\/www.familydoc.at\/index.php\/meningoencefalitis-del-virus-fsme\/?lang=es#breadcrumb\",\"itemListElement\":[{\"@type\":\"ListItem\",\"position\":1,\"name\":\"Startseite\",\"item\":\"https:\/\/www.familydoc.at\/\"},{\"@type\":\"ListItem\",\"position\":2,\"name\":\"Meningoencefalitis del virus FSME\"}]},{\"@type\":\"WebSite\",\"@id\":\"https:\/\/www.familydoc.at\/#website\",\"url\":\"https:\/\/www.familydoc.at\/\",\"name\":\"Familydoc\",\"description\":\"General Practitioner - Family Doctor\",\"publisher\":{\"@id\":\"https:\/\/www.familydoc.at\/#organization\"},\"potentialAction\":[{\"@type\":\"SearchAction\",\"target\":{\"@type\":\"EntryPoint\",\"urlTemplate\":\"https:\/\/www.familydoc.at\/?s={search_term_string}\"},\"query-input\":{\"@type\":\"PropertyValueSpecification\",\"valueRequired\":true,\"valueName\":\"search_term_string\"}}],\"inLanguage\":\"en-US\"},{\"@type\":\"Organization\",\"@id\":\"https:\/\/www.familydoc.at\/#organization\",\"name\":\"Familydoc\",\"url\":\"https:\/\/www.familydoc.at\/\",\"logo\":{\"@type\":\"ImageObject\",\"inLanguage\":\"en-US\",\"@id\":\"https:\/\/www.familydoc.at\/#\/schema\/logo\/image\/\",\"url\":\"https:\/\/www.familydoc.at\/wp-content\/uploads\/2022\/08\/11.png\",\"contentUrl\":\"https:\/\/www.familydoc.at\/wp-content\/uploads\/2022\/08\/11.png\",\"width\":3840,\"height\":2160,\"caption\":\"Familydoc\"},\"image\":{\"@id\":\"https:\/\/www.familydoc.at\/#\/schema\/logo\/image\/\"}}]}<\/script>\n<!-- \/ Yoast SEO plugin. -->","yoast_head_json":{"title":"Meningoencefalitis del virus FSME - Familydoc","robots":{"index":"index","follow":"follow","max-snippet":"max-snippet:-1","max-image-preview":"max-image-preview:large","max-video-preview":"max-video-preview:-1"},"canonical":"https:\/\/www.familydoc.at\/index.php\/meningoencefalitis-del-virus-fsme\/","og_locale":"en_US","og_type":"article","og_title":"Meningoencefalitis del virus FSME - Familydoc","og_description":"Meningoencefalitis del virus FSME La Meningoencefalitis es causada por un virus. La Meningoencefalitis se transmite por la picadura de una garrapata &#8220;Zecken&#8221; (Ixodes ricinus) infectada. Casos de FSME ocurren en todo centro y norte de Europa. En la zona de Viena y alrededores, Wienerwald o bosques de Viena tambien se producen casos generalmente entre abril&hellip;&nbsp;Read More &raquo;Meningoencefalitis del virus FSME","og_url":"https:\/\/www.familydoc.at\/index.php\/meningoencefalitis-del-virus-fsme\/?lang=es","og_site_name":"Familydoc","article_modified_time":"2023-01-05T10:42:04+00:00","twitter_card":"summary_large_image","twitter_misc":{"Est. reading time":"2 minutes"},"schema":{"@context":"https:\/\/schema.org","@graph":[{"@type":"WebPage","@id":"https:\/\/www.familydoc.at\/index.php\/meningoencefalitis-del-virus-fsme\/?lang=es","url":"https:\/\/www.familydoc.at\/index.php\/meningoencefalitis-del-virus-fsme\/?lang=es","name":"Meningoencefalitis del virus FSME - Familydoc","isPartOf":{"@id":"https:\/\/www.familydoc.at\/#website"},"datePublished":"2022-10-10T13:52:23+00:00","dateModified":"2023-01-05T10:42:04+00:00","breadcrumb":{"@id":"https:\/\/www.familydoc.at\/index.php\/meningoencefalitis-del-virus-fsme\/?lang=es#breadcrumb"},"inLanguage":"en-US","potentialAction":[{"@type":"ReadAction","target":["https:\/\/www.familydoc.at\/index.php\/meningoencefalitis-del-virus-fsme\/?lang=es"]}]},{"@type":"BreadcrumbList","@id":"https:\/\/www.familydoc.at\/index.php\/meningoencefalitis-del-virus-fsme\/?lang=es#breadcrumb","itemListElement":[{"@type":"ListItem","position":1,"name":"Startseite","item":"https:\/\/www.familydoc.at\/"},{"@type":"ListItem","position":2,"name":"Meningoencefalitis del virus FSME"}]},{"@type":"WebSite","@id":"https:\/\/www.familydoc.at\/#website","url":"https:\/\/www.familydoc.at\/","name":"Familydoc","description":"General Practitioner - Family Doctor","publisher":{"@id":"https:\/\/www.familydoc.at\/#organization"},"potentialAction":[{"@type":"SearchAction","target":{"@type":"EntryPoint","urlTemplate":"https:\/\/www.familydoc.at\/?s={search_term_string}"},"query-input":{"@type":"PropertyValueSpecification","valueRequired":true,"valueName":"search_term_string"}}],"inLanguage":"en-US"},{"@type":"Organization","@id":"https:\/\/www.familydoc.at\/#organization","name":"Familydoc","url":"https:\/\/www.familydoc.at\/","logo":{"@type":"ImageObject","inLanguage":"en-US","@id":"https:\/\/www.familydoc.at\/#\/schema\/logo\/image\/","url":"https:\/\/www.familydoc.at\/wp-content\/uploads\/2022\/08\/11.png","contentUrl":"https:\/\/www.familydoc.at\/wp-content\/uploads\/2022\/08\/11.png","width":3840,"height":2160,"caption":"Familydoc"},"image":{"@id":"https:\/\/www.familydoc.at\/#\/schema\/logo\/image\/"}}]}},"_links":{"self":[{"href":"https:\/\/www.familydoc.at\/index.php\/wp-json\/wp\/v2\/pages\/1833","targetHints":{"allow":["GET"]}}],"collection":[{"href":"https:\/\/www.familydoc.at\/index.php\/wp-json\/wp\/v2\/pages"}],"about":[{"href":"https:\/\/www.familydoc.at\/index.php\/wp-json\/wp\/v2\/types\/page"}],"author":[{"embeddable":true,"href":"https:\/\/www.familydoc.at\/index.php\/wp-json\/wp\/v2\/users\/2"}],"replies":[{"embeddable":true,"href":"https:\/\/www.familydoc.at\/index.php\/wp-json\/wp\/v2\/comments?post=1833"}],"version-history":[{"count":1,"href":"https:\/\/www.familydoc.at\/index.php\/wp-json\/wp\/v2\/pages\/1833\/revisions"}],"predecessor-version":[{"id":1834,"href":"https:\/\/www.familydoc.at\/index.php\/wp-json\/wp\/v2\/pages\/1833\/revisions\/1834"}],"wp:attachment":[{"href":"https:\/\/www.familydoc.at\/index.php\/wp-json\/wp\/v2\/media?parent=1833"}],"curies":[{"name":"wp","href":"https:\/\/api.w.org\/{rel}","templated":true}]}}