{"id":1799,"date":"2022-08-17T16:38:42","date_gmt":"2022-08-17T16:38:42","guid":{"rendered":"https:\/\/www.familydoc.at\/index.php\/ueber\/"},"modified":"2023-02-20T22:16:02","modified_gmt":"2023-02-20T22:16:02","slug":"ueber","status":"publish","type":"page","link":"https:\/\/www.familydoc.at\/index.php\/ueber\/?lang=de","title":{"rendered":"\u00dcber"},"content":{"rendered":"\t\t<div data-elementor-type=\"wp-page\" data-elementor-id=\"1799\" class=\"elementor elementor-1799 elementor-17\" data-elementor-post-type=\"page\">\n\t\t\t\t\t\t<section class=\"elementor-section elementor-top-section elementor-element elementor-element-8c4af1e elementor-section-boxed elementor-section-height-default elementor-section-height-default\" data-id=\"8c4af1e\" data-element_type=\"section\" data-e-type=\"section\">\n\t\t\t\t\t\t<div class=\"elementor-container elementor-column-gap-default\">\n\t\t\t\t\t<div class=\"elementor-column elementor-col-100 elementor-top-column elementor-element elementor-element-5b458a0\" data-id=\"5b458a0\" data-element_type=\"column\" data-e-type=\"column\">\n\t\t\t<div class=\"elementor-widget-wrap elementor-element-populated\">\n\t\t\t\t\t\t<div class=\"elementor-element elementor-element-a23e22e elementor-widget elementor-widget-heading\" data-id=\"a23e22e\" data-element_type=\"widget\" data-e-type=\"widget\" data-widget_type=\"heading.default\">\n\t\t\t\t<div class=\"elementor-widget-container\">\n\t\t\t\t\t<h1 class=\"elementor-heading-title elementor-size-default\">\u00dcber mich<\/h1>\t\t\t\t<\/div>\n\t\t\t\t<\/div>\n\t\t\t\t<div class=\"elementor-element elementor-element-58e9b94 elementor-widget-divider--view-line elementor-widget elementor-widget-divider\" data-id=\"58e9b94\" data-element_type=\"widget\" data-e-type=\"widget\" data-widget_type=\"divider.default\">\n\t\t\t\t<div class=\"elementor-widget-container\">\n\t\t\t\t\t\t\t<div class=\"elementor-divider\">\n\t\t\t<span class=\"elementor-divider-separator\">\n\t\t\t\t\t\t<\/span>\n\t\t<\/div>\n\t\t\t\t\t\t<\/div>\n\t\t\t\t<\/div>\n\t\t\t\t<div class=\"elementor-element elementor-element-14111b1 elementor-widget__width-initial elementor-fixed elementor-view-default elementor-widget elementor-widget-global elementor-global-637 elementor-widget-icon\" data-id=\"14111b1\" data-element_type=\"widget\" data-e-type=\"widget\" data-settings=\"{&quot;_position&quot;:&quot;fixed&quot;}\" data-widget_type=\"icon.default\">\n\t\t\t\t<div class=\"elementor-widget-container\">\n\t\t\t\t\t\t\t<div class=\"elementor-icon-wrapper\">\n\t\t\t<a class=\"elementor-icon elementor-animation-grow\" href=\"#top\">\n\t\t\t<i aria-hidden=\"true\" class=\"fas fa-arrow-circle-up\"><\/i>\t\t\t<\/a>\n\t\t<\/div>\n\t\t\t\t\t\t<\/div>\n\t\t\t\t<\/div>\n\t\t\t\t\t<\/div>\n\t\t<\/div>\n\t\t\t\t\t<\/div>\n\t\t<\/section>\n\t\t\t\t<section class=\"elementor-section elementor-top-section elementor-element elementor-element-afef007 elementor-section-boxed elementor-section-height-default elementor-section-height-default\" data-id=\"afef007\" data-element_type=\"section\" data-e-type=\"section\">\n\t\t\t\t\t\t<div class=\"elementor-container elementor-column-gap-no\">\n\t\t\t\t\t<div class=\"elementor-column elementor-col-50 elementor-top-column elementor-element elementor-element-664060e\" data-id=\"664060e\" data-element_type=\"column\" data-e-type=\"column\" data-settings=\"{&quot;background_background&quot;:&quot;classic&quot;}\">\n\t\t\t<div class=\"elementor-widget-wrap elementor-element-populated\">\n\t\t\t\t\t<div class=\"elementor-background-overlay\"><\/div>\n\t\t\t\t\t\t<div class=\"elementor-element elementor-element-2de04ee elementor-widget elementor-widget-text-editor\" data-id=\"2de04ee\" data-element_type=\"widget\" data-e-type=\"widget\" data-widget_type=\"text-editor.default\">\n\t\t\t\t<div class=\"elementor-widget-container\">\n\t\t\t\t\t\t\t\t\t<p class=\"p1\"><strong>Mein Name ist Jos\u00e9 M. Ozcariz Eizaguirre.<\/strong><\/p>\n<p class=\"p1\">Ich wurde in der Stadt San Sebastian in Nordspanien geboren. Ich habe Medizin an der Universit\u00e4t des Baskenlandes in Bilbao studiert.<\/p>\n\t\t\t\t\t\t\t\t<\/div>\n\t\t\t\t<\/div>\n\t\t\t\t\t<\/div>\n\t\t<\/div>\n\t\t\t\t<div class=\"elementor-column elementor-col-50 elementor-top-column elementor-element elementor-element-a312958\" data-id=\"a312958\" data-element_type=\"column\" data-e-type=\"column\" data-settings=\"{&quot;background_background&quot;:&quot;classic&quot;}\">\n\t\t\t<div class=\"elementor-widget-wrap elementor-element-populated\">\n\t\t\t\t\t\t<div class=\"elementor-element elementor-element-e5e3b63 elementor-hidden-desktop elementor-hidden-tablet elementor-widget elementor-widget-image\" data-id=\"e5e3b63\" data-element_type=\"widget\" data-e-type=\"widget\" data-widget_type=\"image.default\">\n\t\t\t\t<div class=\"elementor-widget-container\">\n\t\t\t\t\t\t\t\t\t\t\t\t\t\t\t<img decoding=\"async\" src=\"https:\/\/www.familydoc.at\/wp-content\/uploads\/elementor\/thumbs\/DSC_4289Jose_k-q25qslfo45ci9geji5bsbn07d0n8y435s9asj1ueq8.jpg\" title=\"DSC_4289Jose_k\" alt=\"Portrait Jose M. Ozcariz Eizaguirre\" loading=\"lazy\" \/>\t\t\t\t\t\t\t\t\t\t\t\t\t\t\t<\/div>\n\t\t\t\t<\/div>\n\t\t\t\t\t<\/div>\n\t\t<\/div>\n\t\t\t\t\t<\/div>\n\t\t<\/section>\n\t\t\t\t<section class=\"elementor-section elementor-top-section elementor-element elementor-element-f0040b8 elementor-section-boxed elementor-section-height-default elementor-section-height-default\" data-id=\"f0040b8\" data-element_type=\"section\" data-e-type=\"section\">\n\t\t\t\t\t\t<div class=\"elementor-container elementor-column-gap-no\">\n\t\t\t\t\t<div class=\"elementor-column elementor-col-50 elementor-top-column elementor-element elementor-element-cb10aed elementor-hidden-mobile\" data-id=\"cb10aed\" data-element_type=\"column\" data-e-type=\"column\" data-settings=\"{&quot;background_background&quot;:&quot;classic&quot;}\">\n\t\t\t<div class=\"elementor-widget-wrap\">\n\t\t\t\t\t\t\t<\/div>\n\t\t<\/div>\n\t\t\t\t<div class=\"elementor-column elementor-col-50 elementor-top-column elementor-element elementor-element-ddd035d\" data-id=\"ddd035d\" data-element_type=\"column\" data-e-type=\"column\" data-settings=\"{&quot;background_background&quot;:&quot;classic&quot;}\">\n\t\t\t<div class=\"elementor-widget-wrap elementor-element-populated\">\n\t\t\t\t\t<div class=\"elementor-background-overlay\"><\/div>\n\t\t\t\t\t\t<div class=\"elementor-element elementor-element-a4485cb elementor-widget elementor-widget-text-editor\" data-id=\"a4485cb\" data-element_type=\"widget\" data-e-type=\"widget\" data-widget_type=\"text-editor.default\">\n\t\t\t\t<div class=\"elementor-widget-container\">\n\t\t\t\t\t\t\t\t\t<p><strong>Nach Beendigung meines Studiums<\/strong> beschloss ich nach London zu ziehen.<\/p>\n<p>Von 1991 bis 1996 habe ich meine praktische Ausbildung in <strong>diversen<\/strong> <b>Fachrichtungen<\/b> in verschiedenen Krankenh\u00e4usern und Ordinationen absolviert. Nach Abschluss meiner Ausbildung begann ich als <strong>Praktischer Arzt<\/strong> in London zu arbeiten. <\/p>\n<p>Gleichzeitig erwarb ich das <strong>Diplom in Tropenmedizin und Hygiene<\/strong> an der London School of Hygiene and Tropical Medicine sowie das <strong>Diplom in Familienplanung<\/strong>.<\/p>\n\t\t\t\t\t\t\t\t<\/div>\n\t\t\t\t<\/div>\n\t\t\t\t<div class=\"elementor-element elementor-element-3f0a549 elementor-hidden-desktop elementor-hidden-tablet elementor-widget elementor-widget-image\" data-id=\"3f0a549\" data-element_type=\"widget\" data-e-type=\"widget\" data-widget_type=\"image.default\">\n\t\t\t\t<div class=\"elementor-widget-container\">\n\t\t\t\t\t\t\t\t\t\t\t\t\t\t\t<img decoding=\"async\" src=\"https:\/\/www.familydoc.at\/wp-content\/uploads\/elementor\/thumbs\/DSC_5050_k-q25qtso8uizp3inqho0mic3eoqq4s6uta7b4ls2as0.jpg\" title=\"DSC_5050_k\" alt=\"private doctor for the family\" loading=\"lazy\" \/>\t\t\t\t\t\t\t\t\t\t\t\t\t\t\t<\/div>\n\t\t\t\t<\/div>\n\t\t\t\t\t<\/div>\n\t\t<\/div>\n\t\t\t\t\t<\/div>\n\t\t<\/section>\n\t\t\t\t<section class=\"elementor-section elementor-top-section elementor-element elementor-element-043c25d elementor-section-boxed elementor-section-height-default elementor-section-height-default\" data-id=\"043c25d\" data-element_type=\"section\" data-e-type=\"section\">\n\t\t\t\t\t\t<div class=\"elementor-container elementor-column-gap-no\">\n\t\t\t\t\t<div class=\"elementor-column elementor-col-50 elementor-top-column elementor-element elementor-element-9ee3ae2\" data-id=\"9ee3ae2\" data-element_type=\"column\" data-e-type=\"column\" data-settings=\"{&quot;background_background&quot;:&quot;classic&quot;}\">\n\t\t\t<div class=\"elementor-widget-wrap elementor-element-populated\">\n\t\t\t\t\t<div class=\"elementor-background-overlay\"><\/div>\n\t\t\t\t\t\t<div class=\"elementor-element elementor-element-dfe8ff2 elementor-widget elementor-widget-text-editor\" data-id=\"dfe8ff2\" data-element_type=\"widget\" data-e-type=\"widget\" data-widget_type=\"text-editor.default\">\n\t\t\t\t<div class=\"elementor-widget-container\">\n\t\t\t\t\t\t\t\t\t<p class=\"p1\"><strong>Im Dezember 1999<\/strong> lie\u00df ich mich mit meiner \u00f6sterreichischen Frau in Wien nieder. Zwei Jahre sp\u00e4ter er\u00f6ffnete ich meine eigene Praxis.<\/p>\n<p class=\"p1\">Als <strong>Arzt f\u00fcr Allgemeinmedizin<\/strong> oder Praktischer Arzt bin ich mit dem \u00f6sterreichischen Gesundheitswesen gut vertraut.<\/p>\n<p class=\"p1\">Ich spreche flie\u00dfend <strong>Spanisch, Englisch und Deutsch<\/strong> und biete Beratung, medizinische Berichte und Best\u00e4tigungen in jeder dieser Sprachen an.<span class=\"Apple-converted-space\">&nbsp;<\/span><\/p>\t\t\t\t\t\t\t\t<\/div>\n\t\t\t\t<\/div>\n\t\t\t\t\t<\/div>\n\t\t<\/div>\n\t\t\t\t<div class=\"elementor-column elementor-col-50 elementor-top-column elementor-element elementor-element-0750a61\" data-id=\"0750a61\" data-element_type=\"column\" data-e-type=\"column\" data-settings=\"{&quot;background_background&quot;:&quot;classic&quot;}\">\n\t\t\t<div class=\"elementor-widget-wrap elementor-element-populated\">\n\t\t\t\t\t\t<div class=\"elementor-element elementor-element-b21473d elementor-hidden-desktop elementor-hidden-tablet elementor-widget elementor-widget-image\" data-id=\"b21473d\" data-element_type=\"widget\" data-e-type=\"widget\" data-widget_type=\"image.default\">\n\t\t\t\t<div class=\"elementor-widget-container\">\n\t\t\t\t\t\t\t\t\t\t\t\t\t\t\t<img decoding=\"async\" src=\"https:\/\/www.familydoc.at\/wp-content\/uploads\/elementor\/thumbs\/DSC_5035-Bearbeitet_k-q25r3athy802hkuqzrwtpxr6wzvqm0l3x8rvahyzv4.jpg\" title=\"DSC_5035-Bearbeitet_k\" alt=\"Stethoscope Jose M. Ozcariz Eizaguirre\" loading=\"lazy\" \/>\t\t\t\t\t\t\t\t\t\t\t\t\t\t\t<\/div>\n\t\t\t\t<\/div>\n\t\t\t\t\t<\/div>\n\t\t<\/div>\n\t\t\t\t\t<\/div>\n\t\t<\/section>\n\t\t\t\t<section class=\"elementor-section elementor-top-section elementor-element elementor-element-dda5530 elementor-section-boxed elementor-section-height-default elementor-section-height-default\" data-id=\"dda5530\" data-element_type=\"section\" data-e-type=\"section\">\n\t\t\t\t\t\t<div class=\"elementor-container elementor-column-gap-default\">\n\t\t\t\t\t<div class=\"elementor-column elementor-col-100 elementor-top-column elementor-element elementor-element-c862ad2\" data-id=\"c862ad2\" data-element_type=\"column\" data-e-type=\"column\">\n\t\t\t<div class=\"elementor-widget-wrap elementor-element-populated\">\n\t\t\t\t\t\t<div class=\"elementor-element elementor-element-688fcd0 elementor-widget elementor-widget-text-editor\" data-id=\"688fcd0\" data-element_type=\"widget\" data-e-type=\"widget\" data-widget_type=\"text-editor.default\">\n\t\t\t\t<div class=\"elementor-widget-container\">\n\t\t\t\t\t\t\t\t\t<p>Aufgrund meiner eigenen Erfahrungen kann ich die Probleme, mit denen PatientInnen bei einem <strong>Arztbesuch im Ausland<\/strong> konfrontiert sind gut verstehen. Es k\u00f6nnen Schwierigkeiten beim Verst\u00e4ndnis der Funktionsweise des lokalen Gesundheitssystems auftreten. Die Erwartungen der PatientInnen an behandelnde \u00c4rztInnen k\u00f6nnen sehr unterschiedlich sein. <span style=\"background-color: var(--nv-site-bg);\">Ich hoffe mit meiner Erfahrung und meinen Sprachkenntnisse meinen PatientInnen helfen zu k\u00f6nnen, diese Schwierigkeiten zu \u00fcberwinden.<\/span><\/p>\n\t\t\t\t\t\t\t\t<\/div>\n\t\t\t\t<\/div>\n\t\t\t\t\t<\/div>\n\t\t<\/div>\n\t\t\t\t\t<\/div>\n\t\t<\/section>\n\t\t\t\t<\/div>\n\t\t","protected":false},"excerpt":{"rendered":"<p>\u00dcber mich Mein Name ist Jos\u00e9 M. Ozcariz Eizaguirre. Ich wurde in der Stadt San Sebastian in Nordspanien geboren. Ich habe Medizin an der Universit\u00e4t des Baskenlandes in Bilbao studiert. Nach Beendigung meines Studiums beschloss ich nach London zu ziehen. Von 1991 bis 1996 habe ich meine praktische Ausbildung in diversen Fachrichtungen in verschiedenen Krankenh\u00e4usern&hellip;&nbsp;<a href=\"https:\/\/www.familydoc.at\/index.php\/ueber\/?lang=de\" rel=\"bookmark\">Read More &raquo;<span class=\"screen-reader-text\">\u00dcber<\/span><\/a><\/p>\n","protected":false},"author":2,"featured_media":0,"parent":0,"menu_order":0,"comment_status":"closed","ping_status":"closed","template":"","meta":{"neve_meta_sidebar":"","neve_meta_container":"","neve_meta_enable_content_width":"on","neve_meta_content_width":100,"neve_meta_title_alignment":"","neve_meta_author_avatar":"","neve_post_elements_order":"","neve_meta_disable_header":"","neve_meta_disable_footer":"","neve_meta_disable_title":"on","footnotes":""},"class_list":["post-1799","page","type-page","status-publish","hentry"],"yoast_head":"<!-- This site is optimized with the Yoast SEO plugin v27.1.1 - https:\/\/yoast.com\/product\/yoast-seo-wordpress\/ -->\n<title>\u00dcber - Familydoc<\/title>\n<meta name=\"robots\" content=\"index, follow, max-snippet:-1, max-image-preview:large, max-video-preview:-1\" \/>\n<link rel=\"canonical\" href=\"https:\/\/www.familydoc.at\/index.php\/ueber\/\" \/>\n<meta property=\"og:locale\" content=\"en_US\" \/>\n<meta property=\"og:type\" content=\"article\" \/>\n<meta property=\"og:title\" content=\"\u00dcber - Familydoc\" \/>\n<meta property=\"og:description\" content=\"\u00dcber mich Mein Name ist Jos\u00e9 M. Ozcariz Eizaguirre. Ich wurde in der Stadt San Sebastian in Nordspanien geboren. Ich habe Medizin an der Universit\u00e4t des Baskenlandes in Bilbao studiert. Nach Beendigung meines Studiums beschloss ich nach London zu ziehen. Von 1991 bis 1996 habe ich meine praktische Ausbildung in diversen Fachrichtungen in verschiedenen Krankenh\u00e4usern&hellip;&nbsp;Read More &raquo;\u00dcber\" \/>\n<meta property=\"og:url\" content=\"https:\/\/www.familydoc.at\/index.php\/ueber\/?lang=de\" \/>\n<meta property=\"og:site_name\" content=\"Familydoc\" \/>\n<meta property=\"article:modified_time\" content=\"2023-02-20T22:16:02+00:00\" \/>\n<meta property=\"og:image\" content=\"https:\/\/www.familydoc.at\/wp-content\/uploads\/elementor\/thumbs\/DSC_4289Jose_k-q25qsmdiazdsl2d6cnqew4rnyeim5t6w4dya0bt0k0.jpg\" \/>\n<meta name=\"twitter:card\" content=\"summary_large_image\" \/>\n<meta name=\"twitter:label1\" content=\"Est. reading time\" \/>\n\t<meta name=\"twitter:data1\" content=\"1 minute\" \/>\n<script type=\"application\/ld+json\" class=\"yoast-schema-graph\">{\"@context\":\"https:\/\/schema.org\",\"@graph\":[{\"@type\":\"WebPage\",\"@id\":\"https:\/\/www.familydoc.at\/index.php\/ueber\/?lang=de\",\"url\":\"https:\/\/www.familydoc.at\/index.php\/ueber\/?lang=de\",\"name\":\"\u00dcber - Familydoc\",\"isPartOf\":{\"@id\":\"https:\/\/www.familydoc.at\/#website\"},\"primaryImageOfPage\":{\"@id\":\"https:\/\/www.familydoc.at\/index.php\/ueber\/?lang=de#primaryimage\"},\"image\":{\"@id\":\"https:\/\/www.familydoc.at\/index.php\/ueber\/?lang=de#primaryimage\"},\"thumbnailUrl\":\"https:\/\/www.familydoc.at\/wp-content\/uploads\/elementor\/thumbs\/DSC_4289Jose_k-q25qsmdiazdsl2d6cnqew4rnyeim5t6w4dya0bt0k0.jpg\",\"datePublished\":\"2022-08-17T16:38:42+00:00\",\"dateModified\":\"2023-02-20T22:16:02+00:00\",\"breadcrumb\":{\"@id\":\"https:\/\/www.familydoc.at\/index.php\/ueber\/?lang=de#breadcrumb\"},\"inLanguage\":\"en-US\",\"potentialAction\":[{\"@type\":\"ReadAction\",\"target\":[\"https:\/\/www.familydoc.at\/index.php\/ueber\/?lang=de\"]}]},{\"@type\":\"ImageObject\",\"inLanguage\":\"en-US\",\"@id\":\"https:\/\/www.familydoc.at\/index.php\/ueber\/?lang=de#primaryimage\",\"url\":\"https:\/\/www.familydoc.at\/wp-content\/uploads\/elementor\/thumbs\/DSC_4289Jose_k-q25qsmdiazdsl2d6cnqew4rnyeim5t6w4dya0bt0k0.jpg\",\"contentUrl\":\"https:\/\/www.familydoc.at\/wp-content\/uploads\/elementor\/thumbs\/DSC_4289Jose_k-q25qsmdiazdsl2d6cnqew4rnyeim5t6w4dya0bt0k0.jpg\"},{\"@type\":\"BreadcrumbList\",\"@id\":\"https:\/\/www.familydoc.at\/index.php\/ueber\/?lang=de#breadcrumb\",\"itemListElement\":[{\"@type\":\"ListItem\",\"position\":1,\"name\":\"Startseite\",\"item\":\"https:\/\/www.familydoc.at\/\"},{\"@type\":\"ListItem\",\"position\":2,\"name\":\"\u00dcber\"}]},{\"@type\":\"WebSite\",\"@id\":\"https:\/\/www.familydoc.at\/#website\",\"url\":\"https:\/\/www.familydoc.at\/\",\"name\":\"Familydoc\",\"description\":\"General Practitioner - Family Doctor\",\"publisher\":{\"@id\":\"https:\/\/www.familydoc.at\/#organization\"},\"potentialAction\":[{\"@type\":\"SearchAction\",\"target\":{\"@type\":\"EntryPoint\",\"urlTemplate\":\"https:\/\/www.familydoc.at\/?s={search_term_string}\"},\"query-input\":{\"@type\":\"PropertyValueSpecification\",\"valueRequired\":true,\"valueName\":\"search_term_string\"}}],\"inLanguage\":\"en-US\"},{\"@type\":\"Organization\",\"@id\":\"https:\/\/www.familydoc.at\/#organization\",\"name\":\"Familydoc\",\"url\":\"https:\/\/www.familydoc.at\/\",\"logo\":{\"@type\":\"ImageObject\",\"inLanguage\":\"en-US\",\"@id\":\"https:\/\/www.familydoc.at\/#\/schema\/logo\/image\/\",\"url\":\"https:\/\/www.familydoc.at\/wp-content\/uploads\/2022\/08\/11.png\",\"contentUrl\":\"https:\/\/www.familydoc.at\/wp-content\/uploads\/2022\/08\/11.png\",\"width\":3840,\"height\":2160,\"caption\":\"Familydoc\"},\"image\":{\"@id\":\"https:\/\/www.familydoc.at\/#\/schema\/logo\/image\/\"}}]}<\/script>\n<!-- \/ Yoast SEO plugin. -->","yoast_head_json":{"title":"\u00dcber - Familydoc","robots":{"index":"index","follow":"follow","max-snippet":"max-snippet:-1","max-image-preview":"max-image-preview:large","max-video-preview":"max-video-preview:-1"},"canonical":"https:\/\/www.familydoc.at\/index.php\/ueber\/","og_locale":"en_US","og_type":"article","og_title":"\u00dcber - Familydoc","og_description":"\u00dcber mich Mein Name ist Jos\u00e9 M. Ozcariz Eizaguirre. Ich wurde in der Stadt San Sebastian in Nordspanien geboren. Ich habe Medizin an der Universit\u00e4t des Baskenlandes in Bilbao studiert. Nach Beendigung meines Studiums beschloss ich nach London zu ziehen. Von 1991 bis 1996 habe ich meine praktische Ausbildung in diversen Fachrichtungen in verschiedenen Krankenh\u00e4usern&hellip;&nbsp;Read More &raquo;\u00dcber","og_url":"https:\/\/www.familydoc.at\/index.php\/ueber\/?lang=de","og_site_name":"Familydoc","article_modified_time":"2023-02-20T22:16:02+00:00","og_image":[{"url":"https:\/\/www.familydoc.at\/wp-content\/uploads\/elementor\/thumbs\/DSC_4289Jose_k-q25qsmdiazdsl2d6cnqew4rnyeim5t6w4dya0bt0k0.jpg","type":"","width":"","height":""}],"twitter_card":"summary_large_image","twitter_misc":{"Est. reading time":"1 minute"},"schema":{"@context":"https:\/\/schema.org","@graph":[{"@type":"WebPage","@id":"https:\/\/www.familydoc.at\/index.php\/ueber\/?lang=de","url":"https:\/\/www.familydoc.at\/index.php\/ueber\/?lang=de","name":"\u00dcber - Familydoc","isPartOf":{"@id":"https:\/\/www.familydoc.at\/#website"},"primaryImageOfPage":{"@id":"https:\/\/www.familydoc.at\/index.php\/ueber\/?lang=de#primaryimage"},"image":{"@id":"https:\/\/www.familydoc.at\/index.php\/ueber\/?lang=de#primaryimage"},"thumbnailUrl":"https:\/\/www.familydoc.at\/wp-content\/uploads\/elementor\/thumbs\/DSC_4289Jose_k-q25qsmdiazdsl2d6cnqew4rnyeim5t6w4dya0bt0k0.jpg","datePublished":"2022-08-17T16:38:42+00:00","dateModified":"2023-02-20T22:16:02+00:00","breadcrumb":{"@id":"https:\/\/www.familydoc.at\/index.php\/ueber\/?lang=de#breadcrumb"},"inLanguage":"en-US","potentialAction":[{"@type":"ReadAction","target":["https:\/\/www.familydoc.at\/index.php\/ueber\/?lang=de"]}]},{"@type":"ImageObject","inLanguage":"en-US","@id":"https:\/\/www.familydoc.at\/index.php\/ueber\/?lang=de#primaryimage","url":"https:\/\/www.familydoc.at\/wp-content\/uploads\/elementor\/thumbs\/DSC_4289Jose_k-q25qsmdiazdsl2d6cnqew4rnyeim5t6w4dya0bt0k0.jpg","contentUrl":"https:\/\/www.familydoc.at\/wp-content\/uploads\/elementor\/thumbs\/DSC_4289Jose_k-q25qsmdiazdsl2d6cnqew4rnyeim5t6w4dya0bt0k0.jpg"},{"@type":"BreadcrumbList","@id":"https:\/\/www.familydoc.at\/index.php\/ueber\/?lang=de#breadcrumb","itemListElement":[{"@type":"ListItem","position":1,"name":"Startseite","item":"https:\/\/www.familydoc.at\/"},{"@type":"ListItem","position":2,"name":"\u00dcber"}]},{"@type":"WebSite","@id":"https:\/\/www.familydoc.at\/#website","url":"https:\/\/www.familydoc.at\/","name":"Familydoc","description":"General Practitioner - Family Doctor","publisher":{"@id":"https:\/\/www.familydoc.at\/#organization"},"potentialAction":[{"@type":"SearchAction","target":{"@type":"EntryPoint","urlTemplate":"https:\/\/www.familydoc.at\/?s={search_term_string}"},"query-input":{"@type":"PropertyValueSpecification","valueRequired":true,"valueName":"search_term_string"}}],"inLanguage":"en-US"},{"@type":"Organization","@id":"https:\/\/www.familydoc.at\/#organization","name":"Familydoc","url":"https:\/\/www.familydoc.at\/","logo":{"@type":"ImageObject","inLanguage":"en-US","@id":"https:\/\/www.familydoc.at\/#\/schema\/logo\/image\/","url":"https:\/\/www.familydoc.at\/wp-content\/uploads\/2022\/08\/11.png","contentUrl":"https:\/\/www.familydoc.at\/wp-content\/uploads\/2022\/08\/11.png","width":3840,"height":2160,"caption":"Familydoc"},"image":{"@id":"https:\/\/www.familydoc.at\/#\/schema\/logo\/image\/"}}]}},"_links":{"self":[{"href":"https:\/\/www.familydoc.at\/index.php\/wp-json\/wp\/v2\/pages\/1799","targetHints":{"allow":["GET"]}}],"collection":[{"href":"https:\/\/www.familydoc.at\/index.php\/wp-json\/wp\/v2\/pages"}],"about":[{"href":"https:\/\/www.familydoc.at\/index.php\/wp-json\/wp\/v2\/types\/page"}],"author":[{"embeddable":true,"href":"https:\/\/www.familydoc.at\/index.php\/wp-json\/wp\/v2\/users\/2"}],"replies":[{"embeddable":true,"href":"https:\/\/www.familydoc.at\/index.php\/wp-json\/wp\/v2\/comments?post=1799"}],"version-history":[{"count":6,"href":"https:\/\/www.familydoc.at\/index.php\/wp-json\/wp\/v2\/pages\/1799\/revisions"}],"predecessor-version":[{"id":2163,"href":"https:\/\/www.familydoc.at\/index.php\/wp-json\/wp\/v2\/pages\/1799\/revisions\/2163"}],"wp:attachment":[{"href":"https:\/\/www.familydoc.at\/index.php\/wp-json\/wp\/v2\/media?parent=1799"}],"curies":[{"name":"wp","href":"https:\/\/api.w.org\/{rel}","templated":true}]}}