{"id":1158,"date":"2022-10-26T16:22:54","date_gmt":"2022-10-26T16:22:54","guid":{"rendered":"https:\/\/www.familydoc.at\/?page_id=1158"},"modified":"2023-01-05T12:13:23","modified_gmt":"2023-01-05T12:13:23","slug":"privacy-policy","status":"publish","type":"page","link":"https:\/\/www.familydoc.at\/index.php\/privacy-policy\/","title":{"rendered":"Privacy Policy"},"content":{"rendered":"\t\t<div data-elementor-type=\"wp-page\" data-elementor-id=\"1158\" class=\"elementor elementor-1158\" data-elementor-post-type=\"page\">\n\t\t\t\t\t\t<section class=\"elementor-section elementor-top-section elementor-element elementor-element-30c99d3 elementor-section-boxed elementor-section-height-default elementor-section-height-default\" data-id=\"30c99d3\" data-element_type=\"section\" data-e-type=\"section\" data-settings=\"{&quot;background_background&quot;:&quot;classic&quot;}\">\n\t\t\t\t\t\t<div class=\"elementor-container elementor-column-gap-no\">\n\t\t\t\t\t<div class=\"elementor-column elementor-col-100 elementor-top-column elementor-element elementor-element-8561834\" data-id=\"8561834\" data-element_type=\"column\" data-e-type=\"column\">\n\t\t\t<div class=\"elementor-widget-wrap elementor-element-populated\">\n\t\t\t\t\t\t<div class=\"elementor-element elementor-element-53427fc elementor-widget elementor-widget-heading\" data-id=\"53427fc\" data-element_type=\"widget\" data-e-type=\"widget\" data-widget_type=\"heading.default\">\n\t\t\t\t<div class=\"elementor-widget-container\">\n\t\t\t\t\t<h1 class=\"elementor-heading-title elementor-size-default\">Privacy policy<\/h1>\t\t\t\t<\/div>\n\t\t\t\t<\/div>\n\t\t\t\t<div class=\"elementor-element elementor-element-45c45f2 elementor-widget-divider--view-line elementor-widget elementor-widget-divider\" data-id=\"45c45f2\" data-element_type=\"widget\" data-e-type=\"widget\" data-widget_type=\"divider.default\">\n\t\t\t\t<div class=\"elementor-widget-container\">\n\t\t\t\t\t\t\t<div class=\"elementor-divider\">\n\t\t\t<span class=\"elementor-divider-separator\">\n\t\t\t\t\t\t<\/span>\n\t\t<\/div>\n\t\t\t\t\t\t<\/div>\n\t\t\t\t<\/div>\n\t\t\t\t<div class=\"elementor-element elementor-element-d4ef629 elementor-widget elementor-widget-text-editor\" data-id=\"d4ef629\" data-element_type=\"widget\" data-e-type=\"widget\" data-widget_type=\"text-editor.default\">\n\t\t\t\t<div class=\"elementor-widget-container\">\n\t\t\t\t\t\t\t\t\t<div id=\"Content\"><div id=\"Translation\"><p>Stand: 11\/2022<\/p><p>\u200b<\/p><p><strong>Verantwortlicher:<br \/><\/strong>Verantwortlich f\u00fcr die Verarbeitung ihrer personenbezogenen Daten auf unserer Website ist:<\/p><p>\u00a0<\/p><p><strong>Jose M. Ozcariz Eizaguirre<\/strong><\/p><p><strong>Weyringergasse 10\/1\/6, 1040 Wien<\/strong><\/p><p><strong>Telefon: +43 664 446 60 50<\/strong><\/p><p><strong>E-Mail: <a href=\"mailto:office@familydoc.at\">office@familydoc.at<\/a><\/strong><\/p><p>\u00a0<\/p><p><br \/>Der Schutz Ihrer pers\u00f6nlichen Daten ist uns ein besonderes Anliegen. Wir verarbeiten Ihre Daten daher ausschlie\u00dflich auf Grundlage der gesetzlichen Bestimmungen (DSGVO, TKG 2003). In diesen Datenschutzinformationen informieren wir Sie \u00fcber die wichtigsten Aspekte der Datenverarbeitung im Rahmen unserer Website.<\/p><p>Beim Besuch unserer Webseite wird Ihre IP-Adresse, Beginn und Ende der Sitzung f\u00fcr die Dauer dieser Sitzung erfasst. Dies ist technisch bedingt und stellt damit ein berechtigtes Interesse iSv Art 6 Abs 1 lit f DSGVO dar. Diese Daten werden von uns nicht weiterverarbeitet.<\/p><p>\u00a0<\/p><p><strong>Kontakt mit uns<\/strong><\/p><p>Wenn Sie per E-Mail-Kontakt mit uns aufnehmen, werden Ihre angegebenen Daten zwecks Bearbeitung der Anfrage und f\u00fcr den Fall von Anschlussfragen sechs Monate bei uns gespeichert. Diese Daten geben wir nicht ohne Ihre Einwilligung weiter.<\/p><p>\u00a0<\/p><p><strong>Kontaktformular<\/strong><\/p><p>Wenn Sie per Formular auf der Website oder per E-Mail-Kontakt mit uns aufnehmen, werden Ihre angegebenen Daten zwecks Bearbeitung der Anfrage und f\u00fcr den Fall von Anschlussfragen sechs Monate bei uns gespeichert. Diese Daten geben wir nicht ohne Ihre Einwilligung weiter.<\/p><p>\u00a0<\/p><p><strong>Weitergabe von Daten an Dritte<\/strong><\/p><p>Eine Weitergabe der von uns erhobenen Daten an Dritte erfolgt nur, wenn dies zum Zweck der Vertragsabwicklung oder Abrechnung erforderlich ist oder sie zuvor eingewilligt haben. Die so weitergegebenen Daten d\u00fcrfen von unseren Dienstleistern lediglich zur Erf\u00fcllung ihrer Aufgabe verwendet werden. Diese wurden von uns sorgf\u00e4ltig ausgew\u00e4hlt und schriftlich beauftragt. Sie sind an unsere Weisungen gebunden und werden von uns regelm\u00e4\u00dfig kontrolliert. Eine anderweitige Nutzung der Informationen ist nicht gestattet und erfolgt auch bei keinem der von uns betrauten Dienstleister.<\/p><\/div><\/div><p>\u00a0<\/p><p>\u00a0<\/p><div id=\"Content\"><div id=\"Translation\"><h3><strong>Allgemeines zur Datenverarbeitung<\/strong><\/h3><p>\u00a0<\/p><p><strong>Umfang der Verarbeitung personenbezogener Daten<\/strong><\/p><p>Wir erheben und verwenden personenbezogene Daten unserer Nutzer grunds\u00e4tzlich nur, soweit dies zur Bereitstellung einer funktionsf\u00e4higen Website sowie unserer Inhalte und Leistungen erforderlich ist. Die Erhebung und Verwendung personenbezogener Daten unserer Nutzer erfolgt regelm\u00e4\u00dfig und ausschlie\u00dflich nur nach Einwilligung des Nutzers. Eine Ausnahme gilt in solchen F\u00e4llen, in denen eine vorherige Einholung einer Einwilligung aus tats\u00e4chlichen Gr\u00fcnden nicht m\u00f6glich ist und die Verarbeitung der Daten durch gesetzliche Vorschriften gestattet ist<\/p><p>\u00a0<\/p><p><strong>Rechtsgrundlage f\u00fcr die Verarbeitung personenbezogener Daten<\/strong><\/p><p>Soweit wir f\u00fcr Verarbeitungsvorg\u00e4nge personenbezogener Daten eine Einwilligung der betroffenen Person einholen, dient Art.\u00a06 Abs.\u00a01 lit.\u00a0a EU-Datenschutzgrundverordnung (DSGVO) als Rechtsgrundlage f\u00fcr die Verarbeitung personenbezogener Daten.<\/p><p>Bei der Verarbeitung von personenbezogenen Daten, die zur Erf\u00fcllung eines Vertrages, dessen Vertragspartei die betroffene Person ist, erforderlich ist, dient Art.\u00a06 Abs.\u00a01 lit.\u00a0b DSGVO als Rechtsgrundlage. Dies gilt auch f\u00fcr Verarbeitungsvorg\u00e4nge, die zur Durchf\u00fchrung vorvertraglicher Ma\u00dfnahmen erforderlich sind.<\/p><p>Soweit eine Verarbeitung personenbezogener Daten zur Erf\u00fcllung einer rechtlichen Verpflichtung erforderlich ist, der unser Unternehmen unterliegt, dient Art.\u00a06 Abs.\u00a01 lit.\u00a0c DSGVO als Rechtsgrundlage.<\/p><p>Ist die Verarbeitung zur Wahrung eines berechtigten Interesses unseres Unternehmens oder eines Dritten erforderlich und \u00fcberwiegen die Interessen, Grundrechte und Grundfreiheiten des Betroffenen das erstgenannte Interesse nicht, so dient Art.\u00a06 Abs.\u00a01 lit.\u00a0f DSGVO als Rechtsgrundlage f\u00fcr die Verarbeitung.<\/p><p>\u00a0<\/p><p><strong>Datenl\u00f6schung und Speicherdauer<\/strong><\/p><p>Die personenbezogenen Daten der betroffenen Person werden gel\u00f6scht oder gesperrt, sobald der Zweck der Speicherung entf\u00e4llt. Eine Speicherung kann dar\u00fcber hinaus dann erfolgen, wenn dies durch den europ\u00e4ischen oder nationalen Gesetzgeber in unionsrechtlichen Verordnungen, Gesetzen oder sonstigen Vorschriften, denen der Verantwortliche unterliegt, vorgesehen wurde. Eine Sperrung oder L\u00f6schung der Daten erfolgt auch dann, wenn eine durch die genannten Normen vorgeschriebene Speicherfrist abl\u00e4uft, es sei denn, dass eine Erforderlichkeit zur weiteren Speicherung der Daten f\u00fcr einen Vertragsabschluss oder eine Vertragserf\u00fcllung besteht.<\/p><\/div><\/div><p>\u00a0<\/p><p>\u00a0<\/p><div id=\"Content\"><div id=\"Translation\"><h3><strong>Google Webfonts<\/strong><\/h3><p>\u00a0<\/p><p><strong>Beschreibung der Verarbeitung<\/strong><\/p><p>Unsere Webseite verwendet \u201eGoogle Webfonts\u201c, einen Schriftersetzungsdienst des Unternehmens Google Inc., 1600 Amphitheatre Parkway, Mountain View, CA 94043, USA (nachfolgend \u201eGoogle\u201c genannt). Mit Google Webfonts werden bei der Darstellung unserer Webseite die Standardschriften Ihres Endger\u00e4tes durch Schriftarten aus dem Katalog von Google ausgetauscht. Falls Ihr Browser die Einbindung von Google Webfonts unterbindet, wird der Text unserer Webseite in den Standardschriften Ihres Endger\u00e4tes angezeigt. Die Google-Fonts werden direkt von einem Google-Server geladen. Damit dies geschehen kann, sendet Ihr Browser eine Anfrage an einen Google-Server. Dadurch wir ggf. auch Ihre IP-Adresse in Verbindung mit der Adresse unserer Webseite an Google \u00fcbermittelt. Google Webfonts hinterlegt jedoch keine Cookies auf Ihrem Endger\u00e4t. Laut Google werden Daten, die im Rahmen des Dienstes Google Webfonts verarbeitet werden, auf ressourcenspezifischen Domains wie fonts.googleapis.com oder fonts.gstatic.com \u00fcbertragen. Sie werden nicht mit Daten in Verbindung gebracht, die ggf. im Zusammenhang mit der Nutzung anderer Google-Dienste wie z.B. der gleichnamigen Suchmaschine oder Gmail stehen. Weitere Informationen zum Datenschutz bei Google Webfonts finden sie unter https:\/\/developers.google.com\/fonts\/faq?hl=de-DE&amp;csw=1. Allgemeine Informationen zum Datenschutz bei Google sind unter http:\/\/www.google.com\/intl\/de-DE\/policies\/privacy\/ hinterlegt.<\/p><p>\u00a0<\/p><p><strong>Zweck<\/strong><\/p><p>Die Verarbeitung erfolgt, um Ihnen den Text unserer Webseite besser lesbar und \u00e4sthetisch ansprechender anzeigen zu k\u00f6nnen.<\/p><p>\u00a0<\/p><p><strong>Rechtsgrundlage<\/strong><\/p><p>Die Verarbeitung ist zur Wahrung der \u00fcberwiegenden berechtigten Interessen des Verantwortlichen erforderlich\u00a0 (Art. 6 Abs. 1 lit. f DSGVO). Unser berechtigtes Interesse liegt in dem, in Ziffer 8.2 benannten Zweck.<\/p><p>\u00a0<\/p><p><strong>Empf\u00e4nger und \u00dcbermittlung in Drittstaaten<\/strong><\/p><p>Durch die Verwendung von Google Webfonts werden ggf. personenbezogenen Daten an Google \u00fcbermittelt. Google verarbeitet Ihre personenbezogenen Daten auch in den USA und hat sich dem EU-US-Privacy-Shield unterworfen. Weitere Informationen zum EU-US-Privacy-Shield finden Sie unter https:\/\/www.privacyshield.gov\/EU-US-Framework.<\/p><\/div><\/div><p>\u00a0<\/p><p>\u00a0<\/p><div id=\"Content\"><div id=\"Translation\"><h3><strong>Google-Maps<\/strong><\/h3><p>\u00a0<\/p><p>Wir setzen auf unserer Seite die Komponente \u201eGoogle Maps\u201c der Firma Google Inc., 1600 Amphitheatre Parkway, Mountain View, CA 94043 USA, nachfolgend \u201eGoogle\u201c, ein.<\/p><p>Bei jedem einzelnen Aufruf der Komponente \u201eGoogle Maps\u201c wird von Google ein Cookie gesetzt, um bei der Anzeige der Seite, auf der die Komponente \u201eGoogle Maps\u201c integriert ist, Nutzereinstellungen und -daten zu verarbeiten. Dieses Cookie wird im Regelfall nicht durch das Schlie\u00dfen des Browsers gel\u00f6scht, sondern l\u00e4uft nach einer bestimmten Zeit ab, soweit es nicht von Ihnen zuvor manuell gel\u00f6scht wird.<\/p><p>Wenn Sie mit dieser Verarbeitung Ihrer Daten nicht einverstanden sind, so besteht die M\u00f6glichkeit, den Service von \u201eGoogle Maps\u201c zu deaktivieren und auf diesem Weg die \u00dcbertragung von Daten an Google zu verhindern. Dazu m\u00fcssen Sie die Java-Script-Funktion in Ihrem Browser deaktivieren. Wir weisen Sie jedoch darauf hin, dass Sie in diesem Fall die \u201eGoogle Maps\u201c nicht oder nur eingeschr\u00e4nkt nutzen k\u00f6nnen.<\/p><p>\u00a0<\/p><p>Die Nutzung von \u201eGoogle Maps\u201c und der \u00fcber \u201eGoogle Maps\u201c erlangten Informationen erfolgt gem\u00e4\u00df den Google-Nutzungsbedingungen<\/p><p><a href=\"http:\/\/www.google.de\/intl\/de\/policies\/terms\/regional.html\">http:\/\/www.google.de\/intl\/de\/policies\/terms\/regional.html<\/a><\/p><p>\u00a0<\/p><p>sowie der zus\u00e4tzlichen Gesch\u00e4ftsbedingungen f\u00fcr \u201eGoogle Maps\u201c<\/p><p><a href=\"https:\/\/www.google.com\/intl\/de_de\/help\/terms_maps.html\">https:\/\/www.google.com\/intl\/de_de\/help\/terms_maps.html<\/a><\/p><\/div><\/div><p>\u00a0<\/p><p>\u00a0<\/p><div id=\"Content\"><div id=\"Translation\"><h3><strong>Server-Logfiles<\/strong><\/h3><p>\u00a0<\/p><p>Wir nutzen Dienste des Webspace-Providers hosttech GmbH, Warwitzstrasse 9, 5020 Salzburg.<\/p><p>Im Rahmen unserer Vereinbarung \u00fcber eine Auftragsverarbeitung nach Art 28 DSGVO erhebt hosttech GmbH Daten \u00fcber jeden Zugriff auf das Angebot (sogenannte Server-Logfiles). Zu den Zugriffsdaten geh\u00f6ren: Zeitpunkt des Abrufs, abgerufene URL, Browser und IP-Adresse des Nutzers (anonymisiert).<\/p><p>Die Protokolldaten werden nur f\u00fcr statistische Auswertungen zum Zweck des Betriebs und zur Gew\u00e4hrleistung der Informationssicherheit verwendet. Sollte aufgrund konkreter Anhaltspunkte der berechtigte Verdacht einer rechtswidrigen Nutzung bestehen, werden die Protokolldaten nachtr\u00e4glich \u00fcberpr\u00fcft. Die Daten werden nach 14 Tagen wieder gel\u00f6scht.<\/p><p>Die Datenverarbeitung erfolgt auf Grundlage unseres berechtigten Interesses (Art. 6 Abs. 1 lit. f DSGVO). Dieses ist die Gew\u00e4hrleistung der Informationssicherheit.<\/p><\/div><\/div><p>\u00a0<\/p><p>\u00a0<\/p><div id=\"Content\"><div id=\"Translation\"><h3><strong>Cookies<\/strong><\/h3><p>\u00a0<\/p><p>Unsere Website verwendet so genannte Cookies. Dabei handelt es sich um kleine Textdateien, die mit Hilfe des Browsers auf Ihrem Endger\u00e4t abgelegt werden. Sie richten keinen Schaden an.<\/p><p>Wir nutzen Cookies dazu, unser Angebot nutzerfreundlich zu gestalten. Einige Cookies bleiben auf Ihrem Endger\u00e4t gespeichert, bis Sie diese l\u00f6schen. Sie erm\u00f6glichen es uns, Ihren Browser beim n\u00e4chsten Besuch wiederzuerkennen.<\/p><p>Wenn Sie dies nicht w\u00fcnschen, so k\u00f6nnen Sie Ihren Browser so einrichten, dass er Sie \u00fcber das Setzen von Cookies informiert und Sie dies nur im Einzelfall erlauben. Bei der Deaktivierung von Cookies kann die Funktionalit\u00e4t unserer Website eingeschr\u00e4nkt sein.<\/p><\/div><\/div><p>\u00a0<\/p><p>\u00a0<\/p><div id=\"Content\"><div id=\"Translation\"><h3><strong>Ihre Rechte<\/strong><\/h3><p>\u00a0<\/p><p>Ihnen stehen bez\u00fcglich Ihrer bei uns gespeicherten Daten grunds\u00e4tzlich die Rechte auf Auskunft, Berichtigung, L\u00f6schung, Einschr\u00e4nkung, Daten\u00fcbertragbarkeit, Widerruf und Widerspruch zu. Wenn Sie glauben, dass die Verarbeitung Ihrer Daten gegen das Datenschutzrecht verst\u00f6\u00dft oder Ihre datenschutzrechtlichen Anspr\u00fcche sonst in einer Weise verletzt worden sind, k\u00f6nnen Sie sich bei uns unter\u00a0<strong><a href=\"mailto:office@familydoc.at\">office@familydoc.at<\/a><\/strong> oder der Datenschutzbeh\u00f6rde beschweren.<\/p><p>\u00a0<\/p><p><strong>Sie erreichen uns unter folgenden Kontaktdaten:<\/strong><\/p><p><strong>Jose M. Ozcariz Eizaguirre<\/strong><\/p><p>Weyringergasse 10\/1\/6, 1040 Wien<\/p><p>Telefon: +43 664 446 60 50<\/p><p>E-Mail: office@familydoc.at<\/p><\/div><\/div><p>\u00a0<\/p><p>\u00a0<\/p><p>\u00a0<\/p><div id=\"Content\"><div id=\"Translation\"><p><strong>Mitglied der \u00c4rztekammer f\u00fcr Wien<\/strong><br \/><strong>Berufsbezeichnung: Arzt f\u00fcr Allgemeinmedizin (verliehen in \u00d6sterreich)<\/strong><br \/><br \/><br \/><\/p><\/div><\/div>\t\t\t\t\t\t\t\t<\/div>\n\t\t\t\t<\/div>\n\t\t\t\t\t<\/div>\n\t\t<\/div>\n\t\t\t\t\t<\/div>\n\t\t<\/section>\n\t\t\t\t<\/div>\n\t\t","protected":false},"excerpt":{"rendered":"<p>Privacy policy Stand: 11\/2022 \u200b Verantwortlicher:Verantwortlich f\u00fcr die Verarbeitung ihrer personenbezogenen Daten auf unserer Website ist: \u00a0 Jose M. Ozcariz Eizaguirre Weyringergasse 10\/1\/6, 1040 Wien Telefon: +43 664 446 60 50 E-Mail: office@familydoc.at \u00a0 Der Schutz Ihrer pers\u00f6nlichen Daten ist uns ein besonderes Anliegen. Wir verarbeiten Ihre Daten daher ausschlie\u00dflich auf Grundlage der gesetzlichen Bestimmungen&hellip;&nbsp;<a href=\"https:\/\/www.familydoc.at\/index.php\/privacy-policy\/\" rel=\"bookmark\">Read More &raquo;<span class=\"screen-reader-text\">Privacy Policy<\/span><\/a><\/p>\n","protected":false},"author":2,"featured_media":0,"parent":0,"menu_order":0,"comment_status":"closed","ping_status":"closed","template":"","meta":{"neve_meta_sidebar":"","neve_meta_container":"","neve_meta_enable_content_width":"on","neve_meta_content_width":100,"neve_meta_title_alignment":"","neve_meta_author_avatar":"","neve_post_elements_order":"","neve_meta_disable_header":"","neve_meta_disable_footer":"","neve_meta_disable_title":"on","footnotes":""},"class_list":["post-1158","page","type-page","status-publish","hentry"],"yoast_head":"<!-- This site is optimized with the Yoast SEO plugin v27.1.1 - https:\/\/yoast.com\/product\/yoast-seo-wordpress\/ -->\n<title>Privacy Policy - Familydoc<\/title>\n<meta name=\"robots\" content=\"index, follow, max-snippet:-1, max-image-preview:large, max-video-preview:-1\" \/>\n<link rel=\"canonical\" href=\"https:\/\/www.familydoc.at\/index.php\/privacy-policy\/\" \/>\n<meta property=\"og:locale\" content=\"en_US\" \/>\n<meta property=\"og:type\" content=\"article\" \/>\n<meta property=\"og:title\" content=\"Privacy Policy - Familydoc\" \/>\n<meta property=\"og:description\" content=\"Privacy policy Stand: 11\/2022 \u200b Verantwortlicher:Verantwortlich f\u00fcr die Verarbeitung ihrer personenbezogenen Daten auf unserer Website ist: \u00a0 Jose M. Ozcariz Eizaguirre Weyringergasse 10\/1\/6, 1040 Wien Telefon: +43 664 446 60 50 E-Mail: office@familydoc.at \u00a0 Der Schutz Ihrer pers\u00f6nlichen Daten ist uns ein besonderes Anliegen. Wir verarbeiten Ihre Daten daher ausschlie\u00dflich auf Grundlage der gesetzlichen Bestimmungen&hellip;&nbsp;Read More &raquo;Privacy Policy\" \/>\n<meta property=\"og:url\" content=\"https:\/\/www.familydoc.at\/index.php\/privacy-policy\/\" \/>\n<meta property=\"og:site_name\" content=\"Familydoc\" \/>\n<meta property=\"article:modified_time\" content=\"2023-01-05T12:13:23+00:00\" \/>\n<meta name=\"twitter:card\" content=\"summary_large_image\" \/>\n<meta name=\"twitter:label1\" content=\"Est. reading time\" \/>\n\t<meta name=\"twitter:data1\" content=\"6 minutes\" \/>\n<script type=\"application\/ld+json\" class=\"yoast-schema-graph\">{\"@context\":\"https:\/\/schema.org\",\"@graph\":[{\"@type\":\"WebPage\",\"@id\":\"https:\/\/www.familydoc.at\/index.php\/privacy-policy\/\",\"url\":\"https:\/\/www.familydoc.at\/index.php\/privacy-policy\/\",\"name\":\"Privacy Policy - Familydoc\",\"isPartOf\":{\"@id\":\"https:\/\/www.familydoc.at\/#website\"},\"datePublished\":\"2022-10-26T16:22:54+00:00\",\"dateModified\":\"2023-01-05T12:13:23+00:00\",\"breadcrumb\":{\"@id\":\"https:\/\/www.familydoc.at\/index.php\/privacy-policy\/#breadcrumb\"},\"inLanguage\":\"en-US\",\"potentialAction\":[{\"@type\":\"ReadAction\",\"target\":[\"https:\/\/www.familydoc.at\/index.php\/privacy-policy\/\"]}]},{\"@type\":\"BreadcrumbList\",\"@id\":\"https:\/\/www.familydoc.at\/index.php\/privacy-policy\/#breadcrumb\",\"itemListElement\":[{\"@type\":\"ListItem\",\"position\":1,\"name\":\"Startseite\",\"item\":\"https:\/\/www.familydoc.at\/\"},{\"@type\":\"ListItem\",\"position\":2,\"name\":\"Privacy Policy\"}]},{\"@type\":\"WebSite\",\"@id\":\"https:\/\/www.familydoc.at\/#website\",\"url\":\"https:\/\/www.familydoc.at\/\",\"name\":\"Familydoc\",\"description\":\"General Practitioner - Family Doctor\",\"publisher\":{\"@id\":\"https:\/\/www.familydoc.at\/#organization\"},\"potentialAction\":[{\"@type\":\"SearchAction\",\"target\":{\"@type\":\"EntryPoint\",\"urlTemplate\":\"https:\/\/www.familydoc.at\/?s={search_term_string}\"},\"query-input\":{\"@type\":\"PropertyValueSpecification\",\"valueRequired\":true,\"valueName\":\"search_term_string\"}}],\"inLanguage\":\"en-US\"},{\"@type\":\"Organization\",\"@id\":\"https:\/\/www.familydoc.at\/#organization\",\"name\":\"Familydoc\",\"url\":\"https:\/\/www.familydoc.at\/\",\"logo\":{\"@type\":\"ImageObject\",\"inLanguage\":\"en-US\",\"@id\":\"https:\/\/www.familydoc.at\/#\/schema\/logo\/image\/\",\"url\":\"https:\/\/www.familydoc.at\/wp-content\/uploads\/2022\/08\/11.png\",\"contentUrl\":\"https:\/\/www.familydoc.at\/wp-content\/uploads\/2022\/08\/11.png\",\"width\":3840,\"height\":2160,\"caption\":\"Familydoc\"},\"image\":{\"@id\":\"https:\/\/www.familydoc.at\/#\/schema\/logo\/image\/\"}}]}<\/script>\n<!-- \/ Yoast SEO plugin. -->","yoast_head_json":{"title":"Privacy Policy - Familydoc","robots":{"index":"index","follow":"follow","max-snippet":"max-snippet:-1","max-image-preview":"max-image-preview:large","max-video-preview":"max-video-preview:-1"},"canonical":"https:\/\/www.familydoc.at\/index.php\/privacy-policy\/","og_locale":"en_US","og_type":"article","og_title":"Privacy Policy - Familydoc","og_description":"Privacy policy Stand: 11\/2022 \u200b Verantwortlicher:Verantwortlich f\u00fcr die Verarbeitung ihrer personenbezogenen Daten auf unserer Website ist: \u00a0 Jose M. Ozcariz Eizaguirre Weyringergasse 10\/1\/6, 1040 Wien Telefon: +43 664 446 60 50 E-Mail: office@familydoc.at \u00a0 Der Schutz Ihrer pers\u00f6nlichen Daten ist uns ein besonderes Anliegen. Wir verarbeiten Ihre Daten daher ausschlie\u00dflich auf Grundlage der gesetzlichen Bestimmungen&hellip;&nbsp;Read More &raquo;Privacy Policy","og_url":"https:\/\/www.familydoc.at\/index.php\/privacy-policy\/","og_site_name":"Familydoc","article_modified_time":"2023-01-05T12:13:23+00:00","twitter_card":"summary_large_image","twitter_misc":{"Est. reading time":"6 minutes"},"schema":{"@context":"https:\/\/schema.org","@graph":[{"@type":"WebPage","@id":"https:\/\/www.familydoc.at\/index.php\/privacy-policy\/","url":"https:\/\/www.familydoc.at\/index.php\/privacy-policy\/","name":"Privacy Policy - Familydoc","isPartOf":{"@id":"https:\/\/www.familydoc.at\/#website"},"datePublished":"2022-10-26T16:22:54+00:00","dateModified":"2023-01-05T12:13:23+00:00","breadcrumb":{"@id":"https:\/\/www.familydoc.at\/index.php\/privacy-policy\/#breadcrumb"},"inLanguage":"en-US","potentialAction":[{"@type":"ReadAction","target":["https:\/\/www.familydoc.at\/index.php\/privacy-policy\/"]}]},{"@type":"BreadcrumbList","@id":"https:\/\/www.familydoc.at\/index.php\/privacy-policy\/#breadcrumb","itemListElement":[{"@type":"ListItem","position":1,"name":"Startseite","item":"https:\/\/www.familydoc.at\/"},{"@type":"ListItem","position":2,"name":"Privacy Policy"}]},{"@type":"WebSite","@id":"https:\/\/www.familydoc.at\/#website","url":"https:\/\/www.familydoc.at\/","name":"Familydoc","description":"General Practitioner - Family Doctor","publisher":{"@id":"https:\/\/www.familydoc.at\/#organization"},"potentialAction":[{"@type":"SearchAction","target":{"@type":"EntryPoint","urlTemplate":"https:\/\/www.familydoc.at\/?s={search_term_string}"},"query-input":{"@type":"PropertyValueSpecification","valueRequired":true,"valueName":"search_term_string"}}],"inLanguage":"en-US"},{"@type":"Organization","@id":"https:\/\/www.familydoc.at\/#organization","name":"Familydoc","url":"https:\/\/www.familydoc.at\/","logo":{"@type":"ImageObject","inLanguage":"en-US","@id":"https:\/\/www.familydoc.at\/#\/schema\/logo\/image\/","url":"https:\/\/www.familydoc.at\/wp-content\/uploads\/2022\/08\/11.png","contentUrl":"https:\/\/www.familydoc.at\/wp-content\/uploads\/2022\/08\/11.png","width":3840,"height":2160,"caption":"Familydoc"},"image":{"@id":"https:\/\/www.familydoc.at\/#\/schema\/logo\/image\/"}}]}},"_links":{"self":[{"href":"https:\/\/www.familydoc.at\/index.php\/wp-json\/wp\/v2\/pages\/1158","targetHints":{"allow":["GET"]}}],"collection":[{"href":"https:\/\/www.familydoc.at\/index.php\/wp-json\/wp\/v2\/pages"}],"about":[{"href":"https:\/\/www.familydoc.at\/index.php\/wp-json\/wp\/v2\/types\/page"}],"author":[{"embeddable":true,"href":"https:\/\/www.familydoc.at\/index.php\/wp-json\/wp\/v2\/users\/2"}],"replies":[{"embeddable":true,"href":"https:\/\/www.familydoc.at\/index.php\/wp-json\/wp\/v2\/comments?post=1158"}],"version-history":[{"count":7,"href":"https:\/\/www.familydoc.at\/index.php\/wp-json\/wp\/v2\/pages\/1158\/revisions"}],"predecessor-version":[{"id":1909,"href":"https:\/\/www.familydoc.at\/index.php\/wp-json\/wp\/v2\/pages\/1158\/revisions\/1909"}],"wp:attachment":[{"href":"https:\/\/www.familydoc.at\/index.php\/wp-json\/wp\/v2\/media?parent=1158"}],"curies":[{"name":"wp","href":"https:\/\/api.w.org\/{rel}","templated":true}]}}